{"id":725,"date":"2024-08-28T23:50:28","date_gmt":"2024-08-28T23:50:28","guid":{"rendered":"http:\/\/localhost\/lexis\/?page_id=725"},"modified":"2025-04-10T03:22:29","modified_gmt":"2025-04-10T03:22:29","slug":"unite-a-lexis","status":"publish","type":"page","link":"https:\/\/lexistape.com.ar\/stagging\/unite-a-lexis\/","title":{"rendered":"Unite A Lexis"},"content":{"rendered":"\t\t<div data-elementor-type=\"wp-page\" data-elementor-id=\"725\" class=\"elementor elementor-725\" data-elementor-post-type=\"page\">\n\t\t\t\t\t\t<section class=\"elementor-section elementor-top-section elementor-element elementor-element-58ae165 elementor-section-boxed elementor-section-height-default elementor-section-height-default\" data-id=\"58ae165\" data-element_type=\"section\" data-settings=\"{&quot;background_background&quot;:&quot;classic&quot;}\">\n\t\t\t\t\t\t\t<div class=\"elementor-background-overlay\"><\/div>\n\t\t\t\t\t\t\t<div class=\"elementor-container elementor-column-gap-default\">\n\t\t\t\t\t<div class=\"elementor-column elementor-col-100 elementor-top-column elementor-element elementor-element-e24aa35\" data-id=\"e24aa35\" data-element_type=\"column\">\n\t\t\t<div class=\"elementor-widget-wrap elementor-element-populated\">\n\t\t\t\t\t\t<div class=\"elementor-element elementor-element-1fafd14 elementor-invisible elementor-widget elementor-widget-heading\" data-id=\"1fafd14\" data-element_type=\"widget\" data-settings=\"{&quot;_animation&quot;:&quot;fadeInUp&quot;}\" data-widget_type=\"heading.default\">\n\t\t\t\t<div class=\"elementor-widget-container\">\n\t\t\t\t\t<h1 class=\"elementor-heading-title elementor-size-default\">Unite a Lexis<\/h1>\t\t\t\t<\/div>\n\t\t\t\t<\/div>\n\t\t\t\t<div class=\"elementor-element elementor-element-5e19994 elementor-invisible elementor-widget elementor-widget-heading\" data-id=\"5e19994\" data-element_type=\"widget\" data-settings=\"{&quot;_animation&quot;:&quot;fadeInUp&quot;,&quot;_animation_delay&quot;:200}\" data-widget_type=\"heading.default\">\n\t\t\t\t<div class=\"elementor-widget-container\">\n\t\t\t\t\t<h4 class=\"elementor-heading-title elementor-size-default\">Te estamos buscando<\/h4>\t\t\t\t<\/div>\n\t\t\t\t<\/div>\n\t\t\t\t\t<\/div>\n\t\t<\/div>\n\t\t\t\t\t<\/div>\n\t\t<\/section>\n\t\t\t\t<section class=\"elementor-section elementor-top-section elementor-element elementor-element-45a31b3b elementor-section-boxed elementor-section-height-default elementor-section-height-default\" data-id=\"45a31b3b\" data-element_type=\"section\">\n\t\t\t\t\t\t<div class=\"elementor-container elementor-column-gap-default\">\n\t\t\t\t\t<div class=\"elementor-column elementor-col-50 elementor-top-column elementor-element elementor-element-53debbd\" data-id=\"53debbd\" data-element_type=\"column\">\n\t\t\t<div class=\"elementor-widget-wrap elementor-element-populated\">\n\t\t\t\t\t\t<section class=\"elementor-section elementor-inner-section elementor-element elementor-element-3e2a1a2f elementor-section-boxed elementor-section-height-default elementor-section-height-default\" data-id=\"3e2a1a2f\" data-element_type=\"section\">\n\t\t\t\t\t\t<div class=\"elementor-container elementor-column-gap-default\">\n\t\t\t\t\t<div class=\"elementor-column elementor-col-50 elementor-inner-column elementor-element elementor-element-79e5ab6c\" data-id=\"79e5ab6c\" data-element_type=\"column\">\n\t\t\t<div class=\"elementor-widget-wrap elementor-element-populated\">\n\t\t\t\t\t\t<div class=\"elementor-element elementor-element-7126904 elementor-view-default elementor-position-top elementor-mobile-position-top elementor-invisible elementor-widget elementor-widget-icon-box\" data-id=\"7126904\" data-element_type=\"widget\" data-settings=\"{&quot;_animation&quot;:&quot;fadeInLeft&quot;}\" data-widget_type=\"icon-box.default\">\n\t\t\t\t<div class=\"elementor-widget-container\">\n\t\t\t\t\t\t\t<div class=\"elementor-icon-box-wrapper\">\n\n\t\t\t\t\t\t<div class=\"elementor-icon-box-icon\">\n\t\t\t\t<span  class=\"elementor-icon\">\n\t\t\t\t<i aria-hidden=\"true\" class=\"icon icon-megaphone1\"><\/i>\t\t\t\t<\/span>\n\t\t\t<\/div>\n\t\t\t\n\t\t\t\t\t\t<div class=\"elementor-icon-box-content\">\n\n\t\t\t\t\t\t\t\t\t<h3 class=\"elementor-icon-box-title\">\n\t\t\t\t\t\t<span  >\n\t\t\t\t\t\t\tpara sumar a nuestro equipo\t\t\t\t\t\t<\/span>\n\t\t\t\t\t<\/h3>\n\t\t\t\t\n\t\t\t\t\t\t\t\t\t<p class=\"elementor-icon-box-description\">\n\t\t\t\t\t\t\u00a1Hola! Necesitamos gente con ganas\t\t\t\t\t<\/p>\n\t\t\t\t\n\t\t\t<\/div>\n\t\t\t\n\t\t<\/div>\n\t\t\t\t\t\t<\/div>\n\t\t\t\t<\/div>\n\t\t\t\t<div class=\"elementor-element elementor-element-4343907f elementor-hidden-tablet elementor-invisible elementor-widget elementor-widget-image\" data-id=\"4343907f\" data-element_type=\"widget\" data-settings=\"{&quot;_animation&quot;:&quot;fadeInDown&quot;}\" data-widget_type=\"image.default\">\n\t\t\t\t<div class=\"elementor-widget-container\">\n\t\t\t\t\t\t\t\t\t\t\t\t\t\t\t<img fetchpriority=\"high\" decoding=\"async\" width=\"1280\" height=\"720\" src=\"https:\/\/lexistape.com.ar\/stagging\/wp-content\/uploads\/2024\/09\/vlcsnap-2024-09-02-02h42m53s712.jpg\" class=\"attachment-full size-full wp-image-1042\" alt=\"\" srcset=\"https:\/\/lexistape.com.ar\/stagging\/wp-content\/uploads\/2024\/09\/vlcsnap-2024-09-02-02h42m53s712.jpg 1280w, https:\/\/lexistape.com.ar\/stagging\/wp-content\/uploads\/2024\/09\/vlcsnap-2024-09-02-02h42m53s712-300x169.jpg 300w, https:\/\/lexistape.com.ar\/stagging\/wp-content\/uploads\/2024\/09\/vlcsnap-2024-09-02-02h42m53s712-1024x576.jpg 1024w, https:\/\/lexistape.com.ar\/stagging\/wp-content\/uploads\/2024\/09\/vlcsnap-2024-09-02-02h42m53s712-768x432.jpg 768w, https:\/\/lexistape.com.ar\/stagging\/wp-content\/uploads\/2024\/09\/vlcsnap-2024-09-02-02h42m53s712-600x338.jpg 600w\" sizes=\"(max-width: 1280px) 100vw, 1280px\" \/>\t\t\t\t\t\t\t\t\t\t\t\t\t\t\t<\/div>\n\t\t\t\t<\/div>\n\t\t\t\t\t<\/div>\n\t\t<\/div>\n\t\t\t\t<div class=\"elementor-column elementor-col-50 elementor-inner-column elementor-element elementor-element-3fdcc0bf elementor-hidden-mobile\" data-id=\"3fdcc0bf\" data-element_type=\"column\">\n\t\t\t<div class=\"elementor-widget-wrap elementor-element-populated\">\n\t\t\t\t\t\t<div class=\"elementor-element elementor-element-538fa6dd elementor-invisible elementor-widget elementor-widget-image\" data-id=\"538fa6dd\" data-element_type=\"widget\" data-settings=\"{&quot;_animation&quot;:&quot;fadeInUp&quot;}\" data-widget_type=\"image.default\">\n\t\t\t\t<div class=\"elementor-widget-container\">\n\t\t\t\t\t\t\t\t\t\t\t\t\t\t\t<img decoding=\"async\" width=\"853\" height=\"1280\" src=\"https:\/\/lexistape.com.ar\/stagging\/wp-content\/uploads\/2024\/09\/MG_8825.jpg\" class=\"attachment-full size-full wp-image-1041\" alt=\"\" srcset=\"https:\/\/lexistape.com.ar\/stagging\/wp-content\/uploads\/2024\/09\/MG_8825.jpg 853w, https:\/\/lexistape.com.ar\/stagging\/wp-content\/uploads\/2024\/09\/MG_8825-200x300.jpg 200w, https:\/\/lexistape.com.ar\/stagging\/wp-content\/uploads\/2024\/09\/MG_8825-682x1024.jpg 682w, https:\/\/lexistape.com.ar\/stagging\/wp-content\/uploads\/2024\/09\/MG_8825-768x1152.jpg 768w, https:\/\/lexistape.com.ar\/stagging\/wp-content\/uploads\/2024\/09\/MG_8825-600x900.jpg 600w\" sizes=\"(max-width: 853px) 100vw, 853px\" \/>\t\t\t\t\t\t\t\t\t\t\t\t\t\t\t<\/div>\n\t\t\t\t<\/div>\n\t\t\t\t\t<\/div>\n\t\t<\/div>\n\t\t\t\t\t<\/div>\n\t\t<\/section>\n\t\t\t\t\t<\/div>\n\t\t<\/div>\n\t\t\t\t<div class=\"elementor-column elementor-col-50 elementor-top-column elementor-element elementor-element-6dc8107b elementor-invisible\" data-id=\"6dc8107b\" data-element_type=\"column\" data-settings=\"{&quot;animation&quot;:&quot;fadeInRight&quot;}\">\n\t\t\t<div class=\"elementor-widget-wrap elementor-element-populated\">\n\t\t\t\t\t\t<div class=\"elementor-element elementor-element-16102f4 elementor-widget elementor-widget-heading\" data-id=\"16102f4\" data-element_type=\"widget\" data-widget_type=\"heading.default\">\n\t\t\t\t<div class=\"elementor-widget-container\">\n\t\t\t\t\t<h2 class=\"elementor-heading-title elementor-size-default\">Complet\u00e1 el siguiente formulario<\/h2>\t\t\t\t<\/div>\n\t\t\t\t<\/div>\n\t\t\t\t<div class=\"elementor-element elementor-element-3bcf4f07 elementor-widget elementor-widget-text-editor\" data-id=\"3bcf4f07\" data-element_type=\"widget\" data-widget_type=\"text-editor.default\">\n\t\t\t\t<div class=\"elementor-widget-container\">\n\t\t\t\t\t\t\t\t\t<p><strong>Por favor, complet\u00e1 los siguientes campos y adjunt\u00e1 tu CV.<\/strong> Es importante que incluya tu experiencia laboral, referencias con tel\u00e9fono de contacto y estudios previos o en curso.<\/p><p>\u00a1Muchas gracias!<\/p>\t\t\t\t\t\t\t\t<\/div>\n\t\t\t\t<\/div>\n\t\t\t\t<div class=\"elementor-element elementor-element-a9976f9 elementor-button-align-stretch elementor-widget elementor-widget-form\" data-id=\"a9976f9\" data-element_type=\"widget\" data-settings=\"{&quot;step_next_label&quot;:&quot;Siguiente&quot;,&quot;step_previous_label&quot;:&quot;Anterior&quot;,&quot;button_width&quot;:&quot;100&quot;,&quot;step_type&quot;:&quot;number_text&quot;,&quot;step_icon_shape&quot;:&quot;circle&quot;}\" data-widget_type=\"form.default\">\n\t\t\t\t<div class=\"elementor-widget-container\">\n\t\t\t\t\t\t\t<form class=\"elementor-form\" method=\"post\" id=\"recursos_humanos\" name=\"Recursos Humano\">\n\t\t\t<input type=\"hidden\" name=\"post_id\" value=\"725\"\/>\n\t\t\t<input type=\"hidden\" name=\"form_id\" value=\"a9976f9\"\/>\n\t\t\t<input type=\"hidden\" name=\"referer_title\" value=\"Unite A Lexis\" \/>\n\n\t\t\t\t\t\t\t<input type=\"hidden\" name=\"queried_id\" value=\"725\"\/>\n\t\t\t\n\t\t\t<div class=\"elementor-form-fields-wrapper elementor-labels-above\">\n\t\t\t\t\t\t\t\t<div class=\"elementor-field-type-text elementor-field-group elementor-column elementor-field-group-nombre elementor-col-100 elementor-field-required elementor-mark-required\">\n\t\t\t\t\t\t\t\t\t\t\t\t\t<input size=\"1\" type=\"text\" name=\"form_fields[nombre]\" id=\"form-field-nombre\" class=\"elementor-field elementor-size-md  elementor-field-textual\" placeholder=\"Nombre\" required=\"required\">\n\t\t\t\t\t\t\t\t\t\t\t<\/div>\n\t\t\t\t\t\t\t\t<div class=\"elementor-field-type-tel elementor-field-group elementor-column elementor-field-group-whatsapp elementor-col-50 elementor-md-100 elementor-field-required elementor-mark-required\">\n\t\t\t\t\t\t\t<input size=\"1\" type=\"tel\" name=\"form_fields[whatsapp]\" id=\"form-field-whatsapp\" class=\"elementor-field elementor-size-md  elementor-field-textual\" placeholder=\"WhatsApp\" required=\"required\" pattern=\"[0-9()#&amp;+*-=.]+\" title=\"Only numbers and phone characters (#, -, *, etc) are accepted.\">\n\n\t\t\t\t\t\t<\/div>\n\t\t\t\t\t\t\t\t<div class=\"elementor-field-type-email elementor-field-group elementor-column elementor-field-group-email elementor-col-50 elementor-md-100 elementor-field-required elementor-mark-required\">\n\t\t\t\t\t\t\t\t\t\t\t\t\t<input size=\"1\" type=\"email\" name=\"form_fields[email]\" id=\"form-field-email\" class=\"elementor-field elementor-size-md  elementor-field-textual\" placeholder=\"Email\" required=\"required\">\n\t\t\t\t\t\t\t\t\t\t\t<\/div>\n\t\t\t\t\t\t\t\t<div class=\"elementor-field-type-select elementor-field-group elementor-column elementor-field-group-area elementor-col-100\">\n\t\t\t\t\t\t\t\t\t\t\t\t<label for=\"form-field-area\" class=\"elementor-field-label\">\n\t\t\t\t\t\t\t\t\u00c1rea de Postulaci\u00f3n\t\t\t\t\t\t\t<\/label>\n\t\t\t\t\t\t\t\t<div class=\"elementor-field elementor-select-wrapper remove-before \">\n\t\t\t<div class=\"select-caret-down-wrapper\">\n\t\t\t\t<svg aria-hidden=\"true\" class=\"e-font-icon-svg e-eicon-caret-down\" viewBox=\"0 0 571.4 571.4\" xmlns=\"http:\/\/www.w3.org\/2000\/svg\"><path d=\"M571 393Q571 407 561 418L311 668Q300 679 286 679T261 668L11 418Q0 407 0 393T11 368 36 357H536Q550 357 561 368T571 393Z\"><\/path><\/svg>\t\t\t<\/div>\n\t\t\t<select name=\"form_fields[area]\" id=\"form-field-area\" class=\"elementor-field-textual elementor-size-md\">\n\t\t\t\t\t\t\t\t\t<option value=\"Comercial \/ Ventas\">Comercial \/ Ventas<\/option>\n\t\t\t\t\t\t\t\t\t<option value=\"Administraci\u00f3n\">Administraci\u00f3n<\/option>\n\t\t\t\t\t\t\t\t\t<option value=\"L\u00ednea de producci\u00f3n\">L\u00ednea de producci\u00f3n<\/option>\n\t\t\t\t\t\t\t\t\t<option value=\"Log\u00edstica \/ Dep\u00f3sito\">Log\u00edstica \/ Dep\u00f3sito<\/option>\n\t\t\t\t\t\t\t<\/select>\n\t\t<\/div>\n\t\t\t\t\t\t<\/div>\n\t\t\t\t\t\t\t\t<div class=\"elementor-field-type-upload elementor-field-group elementor-column elementor-field-group-mensaje elementor-col-100 elementor-field-required elementor-mark-required\">\n\t\t\t\t\t\t\t\t\t\t\t\t<label for=\"form-field-mensaje\" class=\"elementor-field-label\">\n\t\t\t\t\t\t\t\tAdjuntar CV\t\t\t\t\t\t\t<\/label>\n\t\t\t\t\t\t\t\t<input type=\"file\" name=\"form_fields[mensaje]\" id=\"form-field-mensaje\" class=\"elementor-field elementor-size-md  elementor-upload-field\" required=\"required\">\n\n\t\t\t\t\t\t<\/div>\n\t\t\t\t\t\t\t\t<div class=\"elementor-field-type-textarea elementor-field-group elementor-column elementor-field-group-field_9a2ee50 elementor-col-100\">\n\t\t\t\t\t<textarea class=\"elementor-field-textual elementor-field  elementor-size-md\" name=\"form_fields[field_9a2ee50]\" id=\"form-field-field_9a2ee50\" rows=\"4\" placeholder=\"Carta de Presentaci\u00f3n (opcional)\"><\/textarea>\t\t\t\t<\/div>\n\t\t\t\t\t\t\t\t<div class=\"elementor-field-group elementor-column elementor-field-type-submit elementor-col-100 e-form__buttons\">\n\t\t\t\t\t<button class=\"elementor-button elementor-size-md\" type=\"submit\">\n\t\t\t\t\t\t<span class=\"elementor-button-content-wrapper\">\n\t\t\t\t\t\t\t\t\t\t\t\t\t\t\t<span class=\"elementor-button-icon\">\n\t\t\t\t\t\t\t\t\t<i aria-hidden=\"true\" class=\"mdi mdi-email-check-outline\"><\/i>\t\t\t\t\t\t\t\t\t\t\t\t\t\t\t\t\t<\/span>\n\t\t\t\t\t\t\t\t\t\t\t\t\t\t\t\t\t\t\t\t\t\t<span class=\"elementor-button-text\">Enviar Postulaci\u00f3n<\/span>\n\t\t\t\t\t\t\t\t\t\t\t\t\t<\/span>\n\t\t\t\t\t<\/button>\n\t\t\t\t<\/div>\n\t\t\t<\/div>\n\t\t<\/form>\n\t\t\t\t\t\t<\/div>\n\t\t\t\t<\/div>\n\t\t\t\t\t<\/div>\n\t\t<\/div>\n\t\t\t\t\t<\/div>\n\t\t<\/section>\n\t\t\t\t<\/div>\n\t\t","protected":false},"excerpt":{"rendered":"<p>Unite a Lexis Te estamos buscando para sumar a nuestro equipo \u00a1Hola! Necesitamos gente con ganas Complet\u00e1 el siguiente formulario Por favor, complet\u00e1 los siguientes campos y adjunt\u00e1 tu CV. Es importante que incluya tu experiencia laboral, referencias con tel\u00e9fono de contacto y estudios previos o en curso. \u00a1Muchas gracias!<\/p>\n","protected":false},"author":1,"featured_media":0,"parent":0,"menu_order":0,"comment_status":"closed","ping_status":"closed","template":"elementor_header_footer","meta":{"_joinchat":[],"footnotes":""},"class_list":["post-725","page","type-page","status-publish","hentry"],"_links":{"self":[{"href":"https:\/\/lexistape.com.ar\/stagging\/wp-json\/wp\/v2\/pages\/725","targetHints":{"allow":["GET"]}}],"collection":[{"href":"https:\/\/lexistape.com.ar\/stagging\/wp-json\/wp\/v2\/pages"}],"about":[{"href":"https:\/\/lexistape.com.ar\/stagging\/wp-json\/wp\/v2\/types\/page"}],"author":[{"embeddable":true,"href":"https:\/\/lexistape.com.ar\/stagging\/wp-json\/wp\/v2\/users\/1"}],"replies":[{"embeddable":true,"href":"https:\/\/lexistape.com.ar\/stagging\/wp-json\/wp\/v2\/comments?post=725"}],"version-history":[{"count":41,"href":"https:\/\/lexistape.com.ar\/stagging\/wp-json\/wp\/v2\/pages\/725\/revisions"}],"predecessor-version":[{"id":1441,"href":"https:\/\/lexistape.com.ar\/stagging\/wp-json\/wp\/v2\/pages\/725\/revisions\/1441"}],"wp:attachment":[{"href":"https:\/\/lexistape.com.ar\/stagging\/wp-json\/wp\/v2\/media?parent=725"}],"curies":[{"name":"wp","href":"https:\/\/api.w.org\/{rel}","templated":true}]}}